{"id":9067,"date":"2024-10-23T11:09:14","date_gmt":"2024-10-23T08:09:14","guid":{"rendered":"https:\/\/skardufabrikas.lt\/tiles-profile\/"},"modified":"2024-11-04T00:35:46","modified_gmt":"2024-11-03T22:35:46","slug":"tiles-profile","status":"publish","type":"page","link":"https:\/\/skardufabrikas.lt\/en\/production\/tiles-profile\/","title":{"rendered":"Tiles profiles"},"content":{"rendered":"\t\t<div data-elementor-type=\"wp-page\" data-elementor-id=\"9067\" class=\"elementor elementor-9067 elementor-4824\" data-elementor-post-type=\"page\">\n\t\t\t\t<div class=\"elementor-element elementor-element-2c916d9 e-flex e-con-boxed e-con e-parent\" data-id=\"2c916d9\" data-element_type=\"container\">\n\t\t\t\t\t<div class=\"e-con-inner\">\n\t\t\t\t\t<\/div>\n\t\t\t\t<\/div>\n\t\t\t\t<\/div>\n\t\t","protected":false},"excerpt":{"rendered":"","protected":false},"author":2,"featured_media":0,"parent":9080,"menu_order":0,"comment_status":"closed","ping_status":"closed","template":"","meta":{"footnotes":""},"class_list":["post-9067","page","type-page","status-publish","hentry"],"yoast_head":"<!-- This site is optimized with the Yoast SEO plugin v23.3 - https:\/\/yoast.com\/wordpress\/plugins\/seo\/ -->\n<title>Tiles profiles - Skard\u0173 fabrikas<\/title>\n<meta name=\"robots\" content=\"index, follow, max-snippet:-1, max-image-preview:large, max-video-preview:-1\" \/>\n<link rel=\"canonical\" href=\"https:\/\/skardufabrikas.lt\/en\/production\/tiles-profile\/\" \/>\n<meta property=\"og:locale\" content=\"en_US\" \/>\n<meta property=\"og:type\" content=\"article\" \/>\n<meta property=\"og:title\" content=\"Tiles profiles - Skard\u0173 fabrikas\" \/>\n<meta property=\"og:url\" content=\"https:\/\/skardufabrikas.lt\/en\/production\/tiles-profile\/\" \/>\n<meta property=\"og:site_name\" content=\"Skard\u0173 fabrikas\" \/>\n<meta property=\"article:modified_time\" content=\"2024-11-03T22:35:46+00:00\" \/>\n<meta name=\"twitter:card\" content=\"summary_large_image\" \/>\n<script type=\"application\/ld+json\" class=\"yoast-schema-graph\">{\"@context\":\"https:\/\/schema.org\",\"@graph\":[{\"@type\":\"WebPage\",\"@id\":\"https:\/\/skardufabrikas.lt\/en\/production\/tiles-profile\/\",\"url\":\"https:\/\/skardufabrikas.lt\/en\/production\/tiles-profile\/\",\"name\":\"Tiles profiles - Skard\u0173 fabrikas\",\"isPartOf\":{\"@id\":\"https:\/\/skardufabrikas.lt\/en\/#website\"},\"datePublished\":\"2024-10-23T08:09:14+00:00\",\"dateModified\":\"2024-11-03T22:35:46+00:00\",\"breadcrumb\":{\"@id\":\"https:\/\/skardufabrikas.lt\/en\/production\/tiles-profile\/#breadcrumb\"},\"inLanguage\":\"en-US\",\"potentialAction\":[{\"@type\":\"ReadAction\",\"target\":[\"https:\/\/skardufabrikas.lt\/en\/production\/tiles-profile\/\"]}]},{\"@type\":\"BreadcrumbList\",\"@id\":\"https:\/\/skardufabrikas.lt\/en\/production\/tiles-profile\/#breadcrumb\",\"itemListElement\":[{\"@type\":\"ListItem\",\"position\":1,\"name\":\"Home\",\"item\":\"https:\/\/skardufabrikas.lt\/en\/about-us\/\"},{\"@type\":\"ListItem\",\"position\":2,\"name\":\"Production\",\"item\":\"https:\/\/skardufabrikas.lt\/en\/production\/\"},{\"@type\":\"ListItem\",\"position\":3,\"name\":\"Tiles profiles\"}]},{\"@type\":\"WebSite\",\"@id\":\"https:\/\/skardufabrikas.lt\/en\/#website\",\"url\":\"https:\/\/skardufabrikas.lt\/en\/\",\"name\":\"Skard\u0173 fabrikas\",\"description\":\"Plienines stog\u0173 ir sien\u0173 dangos ir statybiniai profiliai\",\"publisher\":{\"@id\":\"https:\/\/skardufabrikas.lt\/en\/#organization\"},\"potentialAction\":[{\"@type\":\"SearchAction\",\"target\":{\"@type\":\"EntryPoint\",\"urlTemplate\":\"https:\/\/skardufabrikas.lt\/en\/?s={search_term_string}\"},\"query-input\":\"required name=search_term_string\"}],\"inLanguage\":\"en-US\"},{\"@type\":\"Organization\",\"@id\":\"https:\/\/skardufabrikas.lt\/en\/#organization\",\"name\":\"Skard\u0173 fabrikas\",\"url\":\"https:\/\/skardufabrikas.lt\/en\/\",\"logo\":{\"@type\":\"ImageObject\",\"inLanguage\":\"en-US\",\"@id\":\"https:\/\/skardufabrikas.lt\/en\/#\/schema\/logo\/image\/\",\"url\":\"https:\/\/skardufabrikas.lt\/wp-content\/uploads\/2020\/10\/Asset-2.png\",\"contentUrl\":\"https:\/\/skardufabrikas.lt\/wp-content\/uploads\/2020\/10\/Asset-2.png\",\"width\":500,\"height\":110,\"caption\":\"Skard\u0173 fabrikas\"},\"image\":{\"@id\":\"https:\/\/skardufabrikas.lt\/en\/#\/schema\/logo\/image\/\"}}]}<\/script>\n<!-- \/ Yoast SEO plugin. -->","yoast_head_json":{"title":"Tiles profiles - Skard\u0173 fabrikas","robots":{"index":"index","follow":"follow","max-snippet":"max-snippet:-1","max-image-preview":"max-image-preview:large","max-video-preview":"max-video-preview:-1"},"canonical":"https:\/\/skardufabrikas.lt\/en\/production\/tiles-profile\/","og_locale":"en_US","og_type":"article","og_title":"Tiles profiles - Skard\u0173 fabrikas","og_url":"https:\/\/skardufabrikas.lt\/en\/production\/tiles-profile\/","og_site_name":"Skard\u0173 fabrikas","article_modified_time":"2024-11-03T22:35:46+00:00","twitter_card":"summary_large_image","schema":{"@context":"https:\/\/schema.org","@graph":[{"@type":"WebPage","@id":"https:\/\/skardufabrikas.lt\/en\/production\/tiles-profile\/","url":"https:\/\/skardufabrikas.lt\/en\/production\/tiles-profile\/","name":"Tiles profiles - Skard\u0173 fabrikas","isPartOf":{"@id":"https:\/\/skardufabrikas.lt\/en\/#website"},"datePublished":"2024-10-23T08:09:14+00:00","dateModified":"2024-11-03T22:35:46+00:00","breadcrumb":{"@id":"https:\/\/skardufabrikas.lt\/en\/production\/tiles-profile\/#breadcrumb"},"inLanguage":"en-US","potentialAction":[{"@type":"ReadAction","target":["https:\/\/skardufabrikas.lt\/en\/production\/tiles-profile\/"]}]},{"@type":"BreadcrumbList","@id":"https:\/\/skardufabrikas.lt\/en\/production\/tiles-profile\/#breadcrumb","itemListElement":[{"@type":"ListItem","position":1,"name":"Home","item":"https:\/\/skardufabrikas.lt\/en\/about-us\/"},{"@type":"ListItem","position":2,"name":"Production","item":"https:\/\/skardufabrikas.lt\/en\/production\/"},{"@type":"ListItem","position":3,"name":"Tiles profiles"}]},{"@type":"WebSite","@id":"https:\/\/skardufabrikas.lt\/en\/#website","url":"https:\/\/skardufabrikas.lt\/en\/","name":"Skard\u0173 fabrikas","description":"Plienines stog\u0173 ir sien\u0173 dangos ir statybiniai profiliai","publisher":{"@id":"https:\/\/skardufabrikas.lt\/en\/#organization"},"potentialAction":[{"@type":"SearchAction","target":{"@type":"EntryPoint","urlTemplate":"https:\/\/skardufabrikas.lt\/en\/?s={search_term_string}"},"query-input":"required name=search_term_string"}],"inLanguage":"en-US"},{"@type":"Organization","@id":"https:\/\/skardufabrikas.lt\/en\/#organization","name":"Skard\u0173 fabrikas","url":"https:\/\/skardufabrikas.lt\/en\/","logo":{"@type":"ImageObject","inLanguage":"en-US","@id":"https:\/\/skardufabrikas.lt\/en\/#\/schema\/logo\/image\/","url":"https:\/\/skardufabrikas.lt\/wp-content\/uploads\/2020\/10\/Asset-2.png","contentUrl":"https:\/\/skardufabrikas.lt\/wp-content\/uploads\/2020\/10\/Asset-2.png","width":500,"height":110,"caption":"Skard\u0173 fabrikas"},"image":{"@id":"https:\/\/skardufabrikas.lt\/en\/#\/schema\/logo\/image\/"}}]}},"_links":{"self":[{"href":"https:\/\/skardufabrikas.lt\/en\/wp-json\/wp\/v2\/pages\/9067"}],"collection":[{"href":"https:\/\/skardufabrikas.lt\/en\/wp-json\/wp\/v2\/pages"}],"about":[{"href":"https:\/\/skardufabrikas.lt\/en\/wp-json\/wp\/v2\/types\/page"}],"author":[{"embeddable":true,"href":"https:\/\/skardufabrikas.lt\/en\/wp-json\/wp\/v2\/users\/2"}],"replies":[{"embeddable":true,"href":"https:\/\/skardufabrikas.lt\/en\/wp-json\/wp\/v2\/comments?post=9067"}],"version-history":[{"count":2,"href":"https:\/\/skardufabrikas.lt\/en\/wp-json\/wp\/v2\/pages\/9067\/revisions"}],"predecessor-version":[{"id":9070,"href":"https:\/\/skardufabrikas.lt\/en\/wp-json\/wp\/v2\/pages\/9067\/revisions\/9070"}],"up":[{"embeddable":true,"href":"https:\/\/skardufabrikas.lt\/en\/wp-json\/wp\/v2\/pages\/9080"}],"wp:attachment":[{"href":"https:\/\/skardufabrikas.lt\/en\/wp-json\/wp\/v2\/media?parent=9067"}],"curies":[{"name":"wp","href":"https:\/\/api.w.org\/{rel}","templated":true}]}}