{"id":9110,"date":"2024-11-04T01:28:30","date_gmt":"2024-11-03T23:28:30","guid":{"rendered":"https:\/\/skardufabrikas.lt\/production\/accessories-for-roof-and-wall-installation\/"},"modified":"2024-11-04T01:28:30","modified_gmt":"2024-11-03T23:28:30","slug":"accessories-for-roof-and-wall-installation","status":"publish","type":"page","link":"https:\/\/skardufabrikas.lt\/en\/production\/accessories-for-roof-and-wall-installation\/","title":{"rendered":"Accessories for Roof and Wall Installation"},"content":{"rendered":"\t\t<div data-elementor-type=\"wp-page\" data-elementor-id=\"9110\" class=\"elementor elementor-9110 elementor-5074\" data-elementor-post-type=\"page\">\n\t\t\t\t<div class=\"elementor-element elementor-element-87e0d64 e-flex e-con-boxed e-con e-parent\" data-id=\"87e0d64\" data-element_type=\"container\">\n\t\t\t\t\t<div class=\"e-con-inner\">\n\t\t\t\t<div class=\"elementor-element elementor-element-3a0c95e elementor-widget elementor-widget-accordion\" data-id=\"3a0c95e\" data-element_type=\"widget\" data-widget_type=\"accordion.default\">\n\t\t\t\t<div class=\"elementor-widget-container\">\n\t\t\t<style>\/*! elementor - v3.23.0 - 05-08-2024 *\/\n.elementor-accordion{text-align:start}.elementor-accordion .elementor-accordion-item{border:1px solid #d5d8dc}.elementor-accordion .elementor-accordion-item+.elementor-accordion-item{border-top:none}.elementor-accordion .elementor-tab-title{margin:0;padding:15px 20px;font-weight:700;line-height:1;cursor:pointer;outline:none}.elementor-accordion .elementor-tab-title .elementor-accordion-icon{display:inline-block;width:1.5em}.elementor-accordion .elementor-tab-title .elementor-accordion-icon svg{width:1em;height:1em}.elementor-accordion .elementor-tab-title .elementor-accordion-icon.elementor-accordion-icon-right{float:right;text-align:right}.elementor-accordion .elementor-tab-title .elementor-accordion-icon.elementor-accordion-icon-left{float:left;text-align:left}.elementor-accordion .elementor-tab-title .elementor-accordion-icon .elementor-accordion-icon-closed{display:block}.elementor-accordion .elementor-tab-title .elementor-accordion-icon .elementor-accordion-icon-opened,.elementor-accordion .elementor-tab-title.elementor-active .elementor-accordion-icon-closed{display:none}.elementor-accordion .elementor-tab-title.elementor-active .elementor-accordion-icon-opened{display:block}.elementor-accordion .elementor-tab-content{display:none;padding:15px 20px;border-top:1px solid #d5d8dc}@media (max-width:767px){.elementor-accordion .elementor-tab-title{padding:12px 15px}.elementor-accordion .elementor-tab-title .elementor-accordion-icon{width:1.2em}.elementor-accordion .elementor-tab-content{padding:7px 15px}}.e-con-inner>.elementor-widget-accordion,.e-con>.elementor-widget-accordion{width:var(--container-widget-width);--flex-grow:var(--container-widget-flex-grow)}<\/style>\t\t<div class=\"elementor-accordion\">\n\t\t\t\t\t\t\t<div class=\"elementor-accordion-item\">\n\t\t\t\t\t<div id=\"elementor-tab-title-6081\" class=\"elementor-tab-title\" data-tab=\"1\" role=\"button\" aria-controls=\"elementor-tab-content-6081\" aria-expanded=\"false\">\n\t\t\t\t\t\t\t\t\t\t\t\t\t<span class=\"elementor-accordion-icon elementor-accordion-icon-left\" aria-hidden=\"true\">\n\t\t\t\t\t\t\t\t\t\t\t\t\t\t\t<span class=\"elementor-accordion-icon-closed\"><svg class=\"e-font-icon-svg e-fas-plus\" viewBox=\"0 0 448 512\" xmlns=\"http:\/\/www.w3.org\/2000\/svg\"><path d=\"M416 208H272V64c0-17.67-14.33-32-32-32h-32c-17.67 0-32 14.33-32 32v144H32c-17.67 0-32 14.33-32 32v32c0 17.67 14.33 32 32 32h144v144c0 17.67 14.33 32 32 32h32c17.67 0 32-14.33 32-32V304h144c17.67 0 32-14.33 32-32v-32c0-17.67-14.33-32-32-32z\"><\/path><\/svg><\/span>\n\t\t\t\t\t\t\t\t<span class=\"elementor-accordion-icon-opened\"><svg class=\"e-font-icon-svg e-fas-minus\" viewBox=\"0 0 448 512\" xmlns=\"http:\/\/www.w3.org\/2000\/svg\"><path d=\"M416 208H32c-17.67 0-32 14.33-32 32v32c0 17.67 14.33 32 32 32h384c17.67 0 32-14.33 32-32v-32c0-17.67-14.33-32-32-32z\"><\/path><\/svg><\/span>\n\t\t\t\t\t\t\t\t\t\t\t\t\t\t<\/span>\n\t\t\t\t\t\t\t\t\t\t\t\t<a class=\"elementor-accordion-title\" tabindex=\"0\"> We offer a variety of high-quality roofing accessories:<\/a>\n\t\t\t\t\t<\/div>\n\t\t\t\t\t<div id=\"elementor-tab-content-6081\" class=\"elementor-tab-content elementor-clearfix\" data-tab=\"1\" role=\"region\" aria-labelledby=\"elementor-tab-title-6081\"><ul>\n<li>roof underlayment;<\/li>\n<li>Sealing tapes;<\/li>\n<li>Screws;<\/li>\n<li>Paints;<\/li>\n<li>Ventilation chimneys;<\/li>\n<li>Gaskets;<\/li>\n<li>Roof hatches;<\/li>\n<li>Roof windows;<\/li>\n<li>Bird deterrents;<\/li>\n<li>Snow guards;<\/li>\n<li>And other accessories made from high-quality materials that help ensure the aesthetics and durability of the roofing structure.<\/li>\n<\/ul>\n<p><strong><em>For additional information, please contact us using the provided contact details.<\/em><\/strong><\/p>\n<\/div>\n\t\t\t\t<\/div>\n\t\t\t\t\t\t\t\t<\/div>\n\t\t\t\t<\/div>\n\t\t\t\t<\/div>\n\t\t\t\t\t<\/div>\n\t\t\t\t<\/div>\n\t\t\t\t<\/div>\n\t\t","protected":false},"excerpt":{"rendered":"<p>When choosing roofing material, it\u2019s important not to forget about roofing accessories. They will help you neatly cover and seal your roof. <\/p>\n","protected":false},"author":2,"featured_media":0,"parent":9080,"menu_order":0,"comment_status":"closed","ping_status":"closed","template":"","meta":{"footnotes":""},"class_list":["post-9110","page","type-page","status-publish","hentry"],"yoast_head":"<!-- This site is optimized with the Yoast SEO plugin v23.3 - https:\/\/yoast.com\/wordpress\/plugins\/seo\/ -->\n<title>Accessories for Roof and Wall Installation - Skard\u0173 fabrikas<\/title>\n<meta name=\"robots\" content=\"index, follow, max-snippet:-1, max-image-preview:large, max-video-preview:-1\" \/>\n<link rel=\"canonical\" href=\"https:\/\/skardufabrikas.lt\/en\/production\/accessories-for-roof-and-wall-installation\/\" \/>\n<meta property=\"og:locale\" content=\"en_US\" \/>\n<meta property=\"og:type\" content=\"article\" \/>\n<meta property=\"og:title\" content=\"Accessories for Roof and Wall Installation - Skard\u0173 fabrikas\" \/>\n<meta property=\"og:description\" content=\"When choosing roofing material, it\u2019s important not to forget about roofing accessories. They will help you neatly cover and seal your roof.\" \/>\n<meta property=\"og:url\" content=\"https:\/\/skardufabrikas.lt\/en\/production\/accessories-for-roof-and-wall-installation\/\" \/>\n<meta property=\"og:site_name\" content=\"Skard\u0173 fabrikas\" \/>\n<meta name=\"twitter:card\" content=\"summary_large_image\" \/>\n<script type=\"application\/ld+json\" class=\"yoast-schema-graph\">{\"@context\":\"https:\/\/schema.org\",\"@graph\":[{\"@type\":\"WebPage\",\"@id\":\"https:\/\/skardufabrikas.lt\/en\/production\/accessories-for-roof-and-wall-installation\/\",\"url\":\"https:\/\/skardufabrikas.lt\/en\/production\/accessories-for-roof-and-wall-installation\/\",\"name\":\"Accessories for Roof and Wall Installation - Skard\u0173 fabrikas\",\"isPartOf\":{\"@id\":\"https:\/\/skardufabrikas.lt\/en\/#website\"},\"datePublished\":\"2024-11-03T23:28:30+00:00\",\"dateModified\":\"2024-11-03T23:28:30+00:00\",\"breadcrumb\":{\"@id\":\"https:\/\/skardufabrikas.lt\/en\/production\/accessories-for-roof-and-wall-installation\/#breadcrumb\"},\"inLanguage\":\"en-US\",\"potentialAction\":[{\"@type\":\"ReadAction\",\"target\":[\"https:\/\/skardufabrikas.lt\/en\/production\/accessories-for-roof-and-wall-installation\/\"]}]},{\"@type\":\"BreadcrumbList\",\"@id\":\"https:\/\/skardufabrikas.lt\/en\/production\/accessories-for-roof-and-wall-installation\/#breadcrumb\",\"itemListElement\":[{\"@type\":\"ListItem\",\"position\":1,\"name\":\"Home\",\"item\":\"https:\/\/skardufabrikas.lt\/en\/about-us\/\"},{\"@type\":\"ListItem\",\"position\":2,\"name\":\"Production\",\"item\":\"https:\/\/skardufabrikas.lt\/en\/production\/\"},{\"@type\":\"ListItem\",\"position\":3,\"name\":\"Accessories for Roof and Wall Installation\"}]},{\"@type\":\"WebSite\",\"@id\":\"https:\/\/skardufabrikas.lt\/en\/#website\",\"url\":\"https:\/\/skardufabrikas.lt\/en\/\",\"name\":\"Skard\u0173 fabrikas\",\"description\":\"Plienines stog\u0173 ir sien\u0173 dangos ir statybiniai profiliai\",\"publisher\":{\"@id\":\"https:\/\/skardufabrikas.lt\/en\/#organization\"},\"potentialAction\":[{\"@type\":\"SearchAction\",\"target\":{\"@type\":\"EntryPoint\",\"urlTemplate\":\"https:\/\/skardufabrikas.lt\/en\/?s={search_term_string}\"},\"query-input\":\"required name=search_term_string\"}],\"inLanguage\":\"en-US\"},{\"@type\":\"Organization\",\"@id\":\"https:\/\/skardufabrikas.lt\/en\/#organization\",\"name\":\"Skard\u0173 fabrikas\",\"url\":\"https:\/\/skardufabrikas.lt\/en\/\",\"logo\":{\"@type\":\"ImageObject\",\"inLanguage\":\"en-US\",\"@id\":\"https:\/\/skardufabrikas.lt\/en\/#\/schema\/logo\/image\/\",\"url\":\"https:\/\/skardufabrikas.lt\/wp-content\/uploads\/2020\/10\/Asset-2.png\",\"contentUrl\":\"https:\/\/skardufabrikas.lt\/wp-content\/uploads\/2020\/10\/Asset-2.png\",\"width\":500,\"height\":110,\"caption\":\"Skard\u0173 fabrikas\"},\"image\":{\"@id\":\"https:\/\/skardufabrikas.lt\/en\/#\/schema\/logo\/image\/\"}}]}<\/script>\n<!-- \/ Yoast SEO plugin. -->","yoast_head_json":{"title":"Accessories for Roof and Wall Installation - Skard\u0173 fabrikas","robots":{"index":"index","follow":"follow","max-snippet":"max-snippet:-1","max-image-preview":"max-image-preview:large","max-video-preview":"max-video-preview:-1"},"canonical":"https:\/\/skardufabrikas.lt\/en\/production\/accessories-for-roof-and-wall-installation\/","og_locale":"en_US","og_type":"article","og_title":"Accessories for Roof and Wall Installation - Skard\u0173 fabrikas","og_description":"When choosing roofing material, it\u2019s important not to forget about roofing accessories. They will help you neatly cover and seal your roof.","og_url":"https:\/\/skardufabrikas.lt\/en\/production\/accessories-for-roof-and-wall-installation\/","og_site_name":"Skard\u0173 fabrikas","twitter_card":"summary_large_image","schema":{"@context":"https:\/\/schema.org","@graph":[{"@type":"WebPage","@id":"https:\/\/skardufabrikas.lt\/en\/production\/accessories-for-roof-and-wall-installation\/","url":"https:\/\/skardufabrikas.lt\/en\/production\/accessories-for-roof-and-wall-installation\/","name":"Accessories for Roof and Wall Installation - Skard\u0173 fabrikas","isPartOf":{"@id":"https:\/\/skardufabrikas.lt\/en\/#website"},"datePublished":"2024-11-03T23:28:30+00:00","dateModified":"2024-11-03T23:28:30+00:00","breadcrumb":{"@id":"https:\/\/skardufabrikas.lt\/en\/production\/accessories-for-roof-and-wall-installation\/#breadcrumb"},"inLanguage":"en-US","potentialAction":[{"@type":"ReadAction","target":["https:\/\/skardufabrikas.lt\/en\/production\/accessories-for-roof-and-wall-installation\/"]}]},{"@type":"BreadcrumbList","@id":"https:\/\/skardufabrikas.lt\/en\/production\/accessories-for-roof-and-wall-installation\/#breadcrumb","itemListElement":[{"@type":"ListItem","position":1,"name":"Home","item":"https:\/\/skardufabrikas.lt\/en\/about-us\/"},{"@type":"ListItem","position":2,"name":"Production","item":"https:\/\/skardufabrikas.lt\/en\/production\/"},{"@type":"ListItem","position":3,"name":"Accessories for Roof and Wall Installation"}]},{"@type":"WebSite","@id":"https:\/\/skardufabrikas.lt\/en\/#website","url":"https:\/\/skardufabrikas.lt\/en\/","name":"Skard\u0173 fabrikas","description":"Plienines stog\u0173 ir sien\u0173 dangos ir statybiniai profiliai","publisher":{"@id":"https:\/\/skardufabrikas.lt\/en\/#organization"},"potentialAction":[{"@type":"SearchAction","target":{"@type":"EntryPoint","urlTemplate":"https:\/\/skardufabrikas.lt\/en\/?s={search_term_string}"},"query-input":"required name=search_term_string"}],"inLanguage":"en-US"},{"@type":"Organization","@id":"https:\/\/skardufabrikas.lt\/en\/#organization","name":"Skard\u0173 fabrikas","url":"https:\/\/skardufabrikas.lt\/en\/","logo":{"@type":"ImageObject","inLanguage":"en-US","@id":"https:\/\/skardufabrikas.lt\/en\/#\/schema\/logo\/image\/","url":"https:\/\/skardufabrikas.lt\/wp-content\/uploads\/2020\/10\/Asset-2.png","contentUrl":"https:\/\/skardufabrikas.lt\/wp-content\/uploads\/2020\/10\/Asset-2.png","width":500,"height":110,"caption":"Skard\u0173 fabrikas"},"image":{"@id":"https:\/\/skardufabrikas.lt\/en\/#\/schema\/logo\/image\/"}}]}},"_links":{"self":[{"href":"https:\/\/skardufabrikas.lt\/en\/wp-json\/wp\/v2\/pages\/9110"}],"collection":[{"href":"https:\/\/skardufabrikas.lt\/en\/wp-json\/wp\/v2\/pages"}],"about":[{"href":"https:\/\/skardufabrikas.lt\/en\/wp-json\/wp\/v2\/types\/page"}],"author":[{"embeddable":true,"href":"https:\/\/skardufabrikas.lt\/en\/wp-json\/wp\/v2\/users\/2"}],"replies":[{"embeddable":true,"href":"https:\/\/skardufabrikas.lt\/en\/wp-json\/wp\/v2\/comments?post=9110"}],"version-history":[{"count":1,"href":"https:\/\/skardufabrikas.lt\/en\/wp-json\/wp\/v2\/pages\/9110\/revisions"}],"predecessor-version":[{"id":9111,"href":"https:\/\/skardufabrikas.lt\/en\/wp-json\/wp\/v2\/pages\/9110\/revisions\/9111"}],"up":[{"embeddable":true,"href":"https:\/\/skardufabrikas.lt\/en\/wp-json\/wp\/v2\/pages\/9080"}],"wp:attachment":[{"href":"https:\/\/skardufabrikas.lt\/en\/wp-json\/wp\/v2\/media?parent=9110"}],"curies":[{"name":"wp","href":"https:\/\/api.w.org\/{rel}","templated":true}]}}