{"id":9125,"date":"2024-11-04T01:59:52","date_gmt":"2024-11-03T23:59:52","guid":{"rendered":"https:\/\/skardufabrikas.lt\/production\/fences\/eglute-e1\/"},"modified":"2024-11-04T01:59:52","modified_gmt":"2024-11-03T23:59:52","slug":"eglute-e1","status":"publish","type":"page","link":"https:\/\/skardufabrikas.lt\/en\/production\/fences\/eglute-e1\/","title":{"rendered":"Eglut\u0117 E1"},"content":{"rendered":"\t\t<div data-elementor-type=\"wp-page\" data-elementor-id=\"9125\" class=\"elementor elementor-9125 elementor-5260\" data-elementor-post-type=\"page\">\n\t\t\t\t<div class=\"elementor-element elementor-element-ddfffd9 e-flex e-con-boxed e-con e-parent\" data-id=\"ddfffd9\" data-element_type=\"container\">\n\t\t\t\t\t<div class=\"e-con-inner\">\n\t\t\t\t<div class=\"elementor-element elementor-element-9ca0c5d elementor-widget elementor-widget-accordion\" data-id=\"9ca0c5d\" data-element_type=\"widget\" data-widget_type=\"accordion.default\">\n\t\t\t\t<div class=\"elementor-widget-container\">\n\t\t\t<style>\/*! elementor - v3.23.0 - 05-08-2024 *\/\n.elementor-accordion{text-align:start}.elementor-accordion .elementor-accordion-item{border:1px solid #d5d8dc}.elementor-accordion .elementor-accordion-item+.elementor-accordion-item{border-top:none}.elementor-accordion .elementor-tab-title{margin:0;padding:15px 20px;font-weight:700;line-height:1;cursor:pointer;outline:none}.elementor-accordion .elementor-tab-title .elementor-accordion-icon{display:inline-block;width:1.5em}.elementor-accordion .elementor-tab-title .elementor-accordion-icon svg{width:1em;height:1em}.elementor-accordion .elementor-tab-title .elementor-accordion-icon.elementor-accordion-icon-right{float:right;text-align:right}.elementor-accordion .elementor-tab-title .elementor-accordion-icon.elementor-accordion-icon-left{float:left;text-align:left}.elementor-accordion .elementor-tab-title .elementor-accordion-icon .elementor-accordion-icon-closed{display:block}.elementor-accordion .elementor-tab-title .elementor-accordion-icon .elementor-accordion-icon-opened,.elementor-accordion .elementor-tab-title.elementor-active .elementor-accordion-icon-closed{display:none}.elementor-accordion .elementor-tab-title.elementor-active .elementor-accordion-icon-opened{display:block}.elementor-accordion .elementor-tab-content{display:none;padding:15px 20px;border-top:1px solid #d5d8dc}@media (max-width:767px){.elementor-accordion .elementor-tab-title{padding:12px 15px}.elementor-accordion .elementor-tab-title .elementor-accordion-icon{width:1.2em}.elementor-accordion .elementor-tab-content{padding:7px 15px}}.e-con-inner>.elementor-widget-accordion,.e-con>.elementor-widget-accordion{width:var(--container-widget-width);--flex-grow:var(--container-widget-flex-grow)}<\/style>\t\t<div class=\"elementor-accordion\">\n\t\t\t\t\t\t\t<div class=\"elementor-accordion-item\">\n\t\t\t\t\t<div id=\"elementor-tab-title-1641\" class=\"elementor-tab-title\" data-tab=\"1\" role=\"button\" aria-controls=\"elementor-tab-content-1641\" aria-expanded=\"false\">\n\t\t\t\t\t\t\t\t\t\t\t\t\t<span class=\"elementor-accordion-icon elementor-accordion-icon-left\" aria-hidden=\"true\">\n\t\t\t\t\t\t\t\t\t\t\t\t\t\t\t<span class=\"elementor-accordion-icon-closed\"><svg class=\"e-font-icon-svg e-fas-plus\" viewBox=\"0 0 448 512\" xmlns=\"http:\/\/www.w3.org\/2000\/svg\"><path d=\"M416 208H272V64c0-17.67-14.33-32-32-32h-32c-17.67 0-32 14.33-32 32v144H32c-17.67 0-32 14.33-32 32v32c0 17.67 14.33 32 32 32h144v144c0 17.67 14.33 32 32 32h32c17.67 0 32-14.33 32-32V304h144c17.67 0 32-14.33 32-32v-32c0-17.67-14.33-32-32-32z\"><\/path><\/svg><\/span>\n\t\t\t\t\t\t\t\t<span class=\"elementor-accordion-icon-opened\"><svg class=\"e-font-icon-svg e-fas-minus\" viewBox=\"0 0 448 512\" xmlns=\"http:\/\/www.w3.org\/2000\/svg\"><path d=\"M416 208H32c-17.67 0-32 14.33-32 32v32c0 17.67 14.33 32 32 32h384c17.67 0 32-14.33 32-32v-32c0-17.67-14.33-32-32-32z\"><\/path><\/svg><\/span>\n\t\t\t\t\t\t\t\t\t\t\t\t\t\t<\/span>\n\t\t\t\t\t\t\t\t\t\t\t\t<a class=\"elementor-accordion-title\" tabindex=\"0\">Technical specifications<\/a>\n\t\t\t\t\t<\/div>\n\t\t\t\t\t<div id=\"elementor-tab-content-1641\" class=\"elementor-tab-content elementor-clearfix\" data-tab=\"1\" role=\"region\" aria-labelledby=\"elementor-tab-title-1641\"><table>\n<tbody>\n<tr>\n<td>Recommended profile length:<\/td>\n<td> 2 m.<\/td>\n<\/tr>\n<tr>\n<td>Profile width:<\/td>\n<td>60 mm<\/td>\n<\/tr>\n<tr>\n<td>Profile covering height:<\/td>\n<td>88 mm<\/td>\n<\/tr>\n<tr>\n<td>Sheet thickness :<\/td>\n<td>0.50 mm<\/td>\n<\/tr>\n<tr>\n<td>Coating:<\/td>\n<td>polyester, matte polyester<\/td>\n<\/tr>\n<\/tbody>\n<\/table>\n<\/div>\n\t\t\t\t<\/div>\n\t\t\t\t\t\t\t\t<\/div>\n\t\t\t\t<\/div>\n\t\t\t\t<\/div>\n\t\t\t\t\t<\/div>\n\t\t\t\t<\/div>\n\t\t\t\t<\/div>\n\t\t","protected":false},"excerpt":{"rendered":"<p>Eglut\u0117 E1 \u2013 this is a fence made of horizontally mounted metal profiles. It features an angled bend visible from both sides and uniform translucency. The \u0116glut\u0117&#8221; type fence is often chosen by clients who share the installation costs with a neighbor.  <\/p>\n","protected":false},"author":2,"featured_media":0,"parent":9114,"menu_order":0,"comment_status":"closed","ping_status":"closed","template":"","meta":{"footnotes":""},"class_list":["post-9125","page","type-page","status-publish","hentry"],"yoast_head":"<!-- This site is optimized with the Yoast SEO plugin v23.3 - https:\/\/yoast.com\/wordpress\/plugins\/seo\/ -->\n<title>Eglut\u0117 E1 - Skard\u0173 fabrikas<\/title>\n<meta name=\"robots\" content=\"index, follow, max-snippet:-1, max-image-preview:large, max-video-preview:-1\" \/>\n<link rel=\"canonical\" href=\"https:\/\/skardufabrikas.lt\/en\/production\/fences\/eglute-e1\/\" \/>\n<meta property=\"og:locale\" content=\"en_US\" \/>\n<meta property=\"og:type\" content=\"article\" \/>\n<meta property=\"og:title\" content=\"Eglut\u0117 E1 - Skard\u0173 fabrikas\" \/>\n<meta property=\"og:description\" content=\"Eglut\u0117 E1 \u2013 this is a fence made of horizontally mounted metal profiles. It features an angled bend visible from both sides and uniform translucency. The \u0116glut\u0117&quot; type fence is often chosen by clients who share the installation costs with a neighbor.\" \/>\n<meta property=\"og:url\" content=\"https:\/\/skardufabrikas.lt\/en\/production\/fences\/eglute-e1\/\" \/>\n<meta property=\"og:site_name\" content=\"Skard\u0173 fabrikas\" \/>\n<meta name=\"twitter:card\" content=\"summary_large_image\" \/>\n<script type=\"application\/ld+json\" class=\"yoast-schema-graph\">{\"@context\":\"https:\/\/schema.org\",\"@graph\":[{\"@type\":\"WebPage\",\"@id\":\"https:\/\/skardufabrikas.lt\/en\/production\/fences\/eglute-e1\/\",\"url\":\"https:\/\/skardufabrikas.lt\/en\/production\/fences\/eglute-e1\/\",\"name\":\"Eglut\u0117 E1 - Skard\u0173 fabrikas\",\"isPartOf\":{\"@id\":\"https:\/\/skardufabrikas.lt\/en\/#website\"},\"datePublished\":\"2024-11-03T23:59:52+00:00\",\"dateModified\":\"2024-11-03T23:59:52+00:00\",\"breadcrumb\":{\"@id\":\"https:\/\/skardufabrikas.lt\/en\/production\/fences\/eglute-e1\/#breadcrumb\"},\"inLanguage\":\"en-US\",\"potentialAction\":[{\"@type\":\"ReadAction\",\"target\":[\"https:\/\/skardufabrikas.lt\/en\/production\/fences\/eglute-e1\/\"]}]},{\"@type\":\"BreadcrumbList\",\"@id\":\"https:\/\/skardufabrikas.lt\/en\/production\/fences\/eglute-e1\/#breadcrumb\",\"itemListElement\":[{\"@type\":\"ListItem\",\"position\":1,\"name\":\"Home\",\"item\":\"https:\/\/skardufabrikas.lt\/en\/about-us\/\"},{\"@type\":\"ListItem\",\"position\":2,\"name\":\"Production\",\"item\":\"https:\/\/skardufabrikas.lt\/en\/production\/\"},{\"@type\":\"ListItem\",\"position\":3,\"name\":\"Fences\",\"item\":\"https:\/\/skardufabrikas.lt\/en\/production\/fences\/\"},{\"@type\":\"ListItem\",\"position\":4,\"name\":\"Eglut\u0117 E1\"}]},{\"@type\":\"WebSite\",\"@id\":\"https:\/\/skardufabrikas.lt\/en\/#website\",\"url\":\"https:\/\/skardufabrikas.lt\/en\/\",\"name\":\"Skard\u0173 fabrikas\",\"description\":\"Plienines stog\u0173 ir sien\u0173 dangos ir statybiniai profiliai\",\"publisher\":{\"@id\":\"https:\/\/skardufabrikas.lt\/en\/#organization\"},\"potentialAction\":[{\"@type\":\"SearchAction\",\"target\":{\"@type\":\"EntryPoint\",\"urlTemplate\":\"https:\/\/skardufabrikas.lt\/en\/?s={search_term_string}\"},\"query-input\":\"required name=search_term_string\"}],\"inLanguage\":\"en-US\"},{\"@type\":\"Organization\",\"@id\":\"https:\/\/skardufabrikas.lt\/en\/#organization\",\"name\":\"Skard\u0173 fabrikas\",\"url\":\"https:\/\/skardufabrikas.lt\/en\/\",\"logo\":{\"@type\":\"ImageObject\",\"inLanguage\":\"en-US\",\"@id\":\"https:\/\/skardufabrikas.lt\/en\/#\/schema\/logo\/image\/\",\"url\":\"https:\/\/skardufabrikas.lt\/wp-content\/uploads\/2020\/10\/Asset-2.png\",\"contentUrl\":\"https:\/\/skardufabrikas.lt\/wp-content\/uploads\/2020\/10\/Asset-2.png\",\"width\":500,\"height\":110,\"caption\":\"Skard\u0173 fabrikas\"},\"image\":{\"@id\":\"https:\/\/skardufabrikas.lt\/en\/#\/schema\/logo\/image\/\"}}]}<\/script>\n<!-- \/ Yoast SEO plugin. -->","yoast_head_json":{"title":"Eglut\u0117 E1 - Skard\u0173 fabrikas","robots":{"index":"index","follow":"follow","max-snippet":"max-snippet:-1","max-image-preview":"max-image-preview:large","max-video-preview":"max-video-preview:-1"},"canonical":"https:\/\/skardufabrikas.lt\/en\/production\/fences\/eglute-e1\/","og_locale":"en_US","og_type":"article","og_title":"Eglut\u0117 E1 - Skard\u0173 fabrikas","og_description":"Eglut\u0117 E1 \u2013 this is a fence made of horizontally mounted metal profiles. It features an angled bend visible from both sides and uniform translucency. The \u0116glut\u0117\" type fence is often chosen by clients who share the installation costs with a neighbor.","og_url":"https:\/\/skardufabrikas.lt\/en\/production\/fences\/eglute-e1\/","og_site_name":"Skard\u0173 fabrikas","twitter_card":"summary_large_image","schema":{"@context":"https:\/\/schema.org","@graph":[{"@type":"WebPage","@id":"https:\/\/skardufabrikas.lt\/en\/production\/fences\/eglute-e1\/","url":"https:\/\/skardufabrikas.lt\/en\/production\/fences\/eglute-e1\/","name":"Eglut\u0117 E1 - Skard\u0173 fabrikas","isPartOf":{"@id":"https:\/\/skardufabrikas.lt\/en\/#website"},"datePublished":"2024-11-03T23:59:52+00:00","dateModified":"2024-11-03T23:59:52+00:00","breadcrumb":{"@id":"https:\/\/skardufabrikas.lt\/en\/production\/fences\/eglute-e1\/#breadcrumb"},"inLanguage":"en-US","potentialAction":[{"@type":"ReadAction","target":["https:\/\/skardufabrikas.lt\/en\/production\/fences\/eglute-e1\/"]}]},{"@type":"BreadcrumbList","@id":"https:\/\/skardufabrikas.lt\/en\/production\/fences\/eglute-e1\/#breadcrumb","itemListElement":[{"@type":"ListItem","position":1,"name":"Home","item":"https:\/\/skardufabrikas.lt\/en\/about-us\/"},{"@type":"ListItem","position":2,"name":"Production","item":"https:\/\/skardufabrikas.lt\/en\/production\/"},{"@type":"ListItem","position":3,"name":"Fences","item":"https:\/\/skardufabrikas.lt\/en\/production\/fences\/"},{"@type":"ListItem","position":4,"name":"Eglut\u0117 E1"}]},{"@type":"WebSite","@id":"https:\/\/skardufabrikas.lt\/en\/#website","url":"https:\/\/skardufabrikas.lt\/en\/","name":"Skard\u0173 fabrikas","description":"Plienines stog\u0173 ir sien\u0173 dangos ir statybiniai profiliai","publisher":{"@id":"https:\/\/skardufabrikas.lt\/en\/#organization"},"potentialAction":[{"@type":"SearchAction","target":{"@type":"EntryPoint","urlTemplate":"https:\/\/skardufabrikas.lt\/en\/?s={search_term_string}"},"query-input":"required name=search_term_string"}],"inLanguage":"en-US"},{"@type":"Organization","@id":"https:\/\/skardufabrikas.lt\/en\/#organization","name":"Skard\u0173 fabrikas","url":"https:\/\/skardufabrikas.lt\/en\/","logo":{"@type":"ImageObject","inLanguage":"en-US","@id":"https:\/\/skardufabrikas.lt\/en\/#\/schema\/logo\/image\/","url":"https:\/\/skardufabrikas.lt\/wp-content\/uploads\/2020\/10\/Asset-2.png","contentUrl":"https:\/\/skardufabrikas.lt\/wp-content\/uploads\/2020\/10\/Asset-2.png","width":500,"height":110,"caption":"Skard\u0173 fabrikas"},"image":{"@id":"https:\/\/skardufabrikas.lt\/en\/#\/schema\/logo\/image\/"}}]}},"_links":{"self":[{"href":"https:\/\/skardufabrikas.lt\/en\/wp-json\/wp\/v2\/pages\/9125"}],"collection":[{"href":"https:\/\/skardufabrikas.lt\/en\/wp-json\/wp\/v2\/pages"}],"about":[{"href":"https:\/\/skardufabrikas.lt\/en\/wp-json\/wp\/v2\/types\/page"}],"author":[{"embeddable":true,"href":"https:\/\/skardufabrikas.lt\/en\/wp-json\/wp\/v2\/users\/2"}],"replies":[{"embeddable":true,"href":"https:\/\/skardufabrikas.lt\/en\/wp-json\/wp\/v2\/comments?post=9125"}],"version-history":[{"count":1,"href":"https:\/\/skardufabrikas.lt\/en\/wp-json\/wp\/v2\/pages\/9125\/revisions"}],"predecessor-version":[{"id":9126,"href":"https:\/\/skardufabrikas.lt\/en\/wp-json\/wp\/v2\/pages\/9125\/revisions\/9126"}],"up":[{"embeddable":true,"href":"https:\/\/skardufabrikas.lt\/en\/wp-json\/wp\/v2\/pages\/9114"}],"wp:attachment":[{"href":"https:\/\/skardufabrikas.lt\/en\/wp-json\/wp\/v2\/media?parent=9125"}],"curies":[{"name":"wp","href":"https:\/\/api.w.org\/{rel}","templated":true}]}}